{"id":39091,"date":"2026-01-12T11:51:36","date_gmt":"2026-01-12T16:51:36","guid":{"rendered":"https:\/\/rightsindevelopment.org\/?page_id=39091"},"modified":"2026-01-24T09:21:17","modified_gmt":"2026-01-24T14:21:17","slug":"nuestro-manifiesto-2026-a-2030","status":"publish","type":"page","link":"https:\/\/rightsindevelopment.org\/es\/nuestro-manifiesto-2026-a-2030\/","title":{"rendered":"Nuestro Manifiesto 2026 a 2030"},"content":{"rendered":"<p>[et_pb_section fb_built=\u00bb1&#8243; fullwidth=\u00bbon\u00bb module_class=\u00bbinner_banner\u00bb _builder_version=\u00bb4.19.4&#8243; _module_preset=\u00bbdefault\u00bb background_enable_image=\u00bboff\u00bb locked=\u00bboff\u00bb global_colors_info=\u00bb{}\u00bb][et_pb_fullwidth_slider show_pagination=\u00bboff\u00bb admin_label=\u00bbBanner \u00bb _builder_version=\u00bb4.27.5&#8243; _module_preset=\u00bbdefault\u00bb content_max_width=\u00bb1320px\u00bb global_colors_info=\u00bb{}\u00bb][et_pb_slide heading=\u00bbNuestro manifiesto 2026 a 2030&#8243; _builder_version=\u00bb4.27.5&#8243; _module_preset=\u00bbab048f29-b158-4934-9067-0517ee0f6e9f\u00bb header_font=\u00bbOswald|500|||||||\u00bb background_color=\u00bb#00647D\u00bb background_enable_image=\u00bboff\u00bb global_colors_info=\u00bb{}\u00bb sticky_transition=\u00bbon\u00bb][\/et_pb_slide][\/et_pb_fullwidth_slider][\/et_pb_section][et_pb_section fb_built=\u00bb1&#8243; _builder_version=\u00bb4.27.5&#8243; _module_preset=\u00bbdefault\u00bb global_colors_info=\u00bb{}\u00bb disabled_on=\u00bbon|off|off\u00bb][et_pb_row module_class=\u00bbbutton_flex\u00bb _builder_version=\u00bb4.27.5&#8243; _module_preset=\u00bbdefault\u00bb max_width=\u00bb1000px\u00bb global_colors_info=\u00bb{}\u00bb][et_pb_column type=\u00bb4_4&#8243; _builder_version=\u00bb4.27.5&#8243; _module_preset=\u00bbdefault\u00bb global_colors_info=\u00bb{}\u00bb][et_pb_button button_url=\u00bbhttps:\/\/rightsindevelopment.org\/wp-content\/uploads\/securepdfs\/Manifesto-2026-2030-SP.pdf\u00bb button_text=\u00bbManifiesto 2026-2030&#8243; admin_label=\u00bbManifesto button\u00bb _builder_version=\u00bb4.27.5&#8243; _module_preset=\u00bbdefault\u00bb button_text_color=\u00bb#FFCC00&#8243; button_bg_color=\u00bb#00647D\u00bb global_colors_info=\u00bb{}\u00bb][\/et_pb_button][et_pb_button button_url=\u00bb#ExSummary\u00bb button_text=\u00bbResumen ejecutivo\u00bb admin_label=\u00bbEx Summary\u00bb _builder_version=\u00bb4.27.5&#8243; _module_preset=\u00bbdefault\u00bb button_text_color=\u00bb#FFCC00&#8243; button_bg_color=\u00bb#00647D\u00bb global_colors_info=\u00bb{}\u00bb][\/et_pb_button][et_pb_button button_url=\u00bb#TheoryOfChange\u00bb button_text=\u00bbTeor\u00eda del cambio\u00bb admin_label=\u00bbToC\u00bb _builder_version=\u00bb4.27.5&#8243; _module_preset=\u00bbdefault\u00bb button_text_color=\u00bb#FFCC00&#8243; button_bg_color=\u00bb#00647D\u00bb global_colors_info=\u00bb{}\u00bb][\/et_pb_button][\/et_pb_column][\/et_pb_row][\/et_pb_section][et_pb_section fb_built=\u00bb1&#8243; _builder_version=\u00bb4.27.5&#8243; _module_preset=\u00bbdefault\u00bb global_colors_info=\u00bb{}\u00bb][et_pb_row column_structure=\u00bb2_5,3_5&#8243; module_class=\u00bbbutton_flex\u00bb _builder_version=\u00bb4.27.5&#8243; _module_preset=\u00bbdefault\u00bb max_width=\u00bb1000px\u00bb custom_margin=\u00bb|233px||auto||\u00bb global_colors_info=\u00bb{}\u00bb][et_pb_column type=\u00bb2_5&#8243; _builder_version=\u00bb4.27.5&#8243; _module_preset=\u00bbdefault\u00bb global_colors_info=\u00bb{}\u00bb][et_pb_image src=\u00bbhttps:\/\/rightsindevelopment.org\/wp-content\/uploads\/1-32.png\u00bb alt=\u00bb1&#8243; title_text=\u00bb1&#8243; disabled_on=\u00bbon|off|off\u00bb _builder_version=\u00bb4.27.5&#8243; _module_preset=\u00bbdefault\u00bb global_colors_info=\u00bb{}\u00bb][\/et_pb_image][\/et_pb_column][et_pb_column type=\u00bb3_5&#8243; _builder_version=\u00bb4.27.5&#8243; _module_preset=\u00bbdefault\u00bb global_colors_info=\u00bb{}\u00bb][et_pb_text _builder_version=\u00bb4.27.5&#8243; _module_preset=\u00bbdefault\u00bb link_text_color=\u00bb#00647D\u00bb custom_margin=\u00bb|22px||||\u00bb custom_padding=\u00bb|||0px||\u00bb hover_enabled=\u00bb0&#8243; global_colors_info=\u00bb{}\u00bb sticky_enabled=\u00bb0&#8243;]<\/p>\n<p>Hace una d\u00e9cada, empezamos a sembrar las primeras semillas de nuestro trabajo. Hoy, esas semillas han echado ra\u00edces y florecido en \u00e1rboles: actualmente, la Coalici\u00f3n para los Derechos Humanos en el Desarrollo es una red interconectada de m\u00e1s de un centenar de organizaciones en m\u00e1s de 50 pa\u00edses de \u00c1frica, las Am\u00e9ricas y Eurasia.<\/p>\n<p data-start=\"331\" data-end=\"613\">En nuestro <a href=\"https:\/\/rightsindevelopment.org\/wp-content\/uploads\/securepdfs\/Manifesto-2026-2030-SP.pdf\">Manifiesto<\/a> \u2014elaborado a trav\u00e9s de un proceso colectivo de 18 meses, que incluy\u00f3 la Asamblea de Miembros de 2025\u2014 definimos el rumbo que queremos seguir para el per\u00edodo 2026\u20132030, apoy\u00e1ndonos en nuestras fortalezas para responder a las oportunidades y amenazas emergentes.<\/p>\n<p data-start=\"615\" data-end=\"1045\">Nuestra misi\u00f3n es garantizar que el <strong>desarrollo est\u00e9 liderado por las comunidades y que respete, proteja y haga efectivos los derechos humanos<\/strong>. Para avanzar en este objetivo, nos centraremos en <strong>cuatro \u00e1reas de trabajo interconectadas<\/strong>, que representan oportunidades clave para impulsar cambios m\u00e1s amplios y a nivel sist\u00e9mico, as\u00ed como desaf\u00edos fundamentales que debemos abordar si queremos fortalecer y proteger nuestro ecosistema:<\/p>\n<ul data-start=\"1047\" data-end=\"1200\">\n<li data-start=\"1047\" data-end=\"1089\">\n<p data-start=\"1049\" data-end=\"1089\">desarrollo liderado por las comunidades;<\/p>\n<\/li>\n<li data-start=\"1090\" data-end=\"1136\">\n<p data-start=\"1092\" data-end=\"1136\">transformaci\u00f3n energ\u00e9tica y econ\u00f3mica justa;<\/p>\n<\/li>\n<li data-start=\"1137\" data-end=\"1170\">\n<p data-start=\"1139\" data-end=\"1170\">represalias y espacio c\u00edvico; y<\/p>\n<\/li>\n<li data-start=\"1171\" data-end=\"1200\">\n<p data-start=\"1173\" data-end=\"1200\">conflicto y militarizaci\u00f3n.<\/p>\n<\/li>\n<\/ul>\n<p>Los <strong>valores clave<\/strong> consagrados en nuestro Manifiesto son poner el amor y el cuidado en el centro de la manera en que trabajamos juntas y juntos, y adoptar un enfoque liderado tanto por las comunidades como por las organizaciones miembro. Con gratitud por el trabajo realizado antes que nosotras y nosotros, y con humildad ante el camino que queda por recorrer, en nuestro Manifiesto nos comprometemos con un mundo en el que las comunidades locales \u2014con los Pueblos Ind\u00edgenas y las mujeres al frente\u2014 puedan definir y construir sus propios futuros.<\/p>\n<p data-start=\"1202\" data-end=\"1748\" data-is-last-node=\"\" data-is-only-node=\"\">[\/et_pb_text][\/et_pb_column][\/et_pb_row][\/et_pb_section][et_pb_section fb_built=\u00bb1&#8243; _builder_version=\u00bb4.19.5&#8243; _module_preset=\u00bbdefault\u00bb min_height=\u00bb2623.8px\u00bb custom_padding=\u00bb0vw||9vw||false|false\u00bb custom_padding_tablet=\u00bb4em||10em||false|false\u00bb custom_padding_phone=\u00bb3em||6em||false|false\u00bb locked=\u00bboff\u00bb global_colors_info=\u00bb{}\u00bb][et_pb_row module_id=\u00bbExSummary\u00bb _builder_version=\u00bb4.27.5&#8243; _module_preset=\u00bbdefault\u00bb global_colors_info=\u00bb{}\u00bb disabled_on=\u00bbon|off|off\u00bb][et_pb_column type=\u00bb4_4&#8243; _builder_version=\u00bb4.27.5&#8243; _module_preset=\u00bbdefault\u00bb global_colors_info=\u00bb{}\u00bb][et_pb_text admin_label=\u00bbEx Summary\u00bb _builder_version=\u00bb4.27.5&#8243; _module_preset=\u00bbdefault\u00bb min_height=\u00bb77.6px\u00bb global_colors_info=\u00bb{}\u00bb]<\/p>\n<h3>\u00a0<\/h3>\n<p>&nbsp;<\/p>\n<p>[\/et_pb_text][\/et_pb_column][\/et_pb_row][et_pb_row column_structure=\u00bb1_2,1_2&#8243; _builder_version=\u00bb4.27.5&#8243; _module_preset=\u00bbdefault\u00bb global_colors_info=\u00bb{}\u00bb disabled_on=\u00bbon|off|off\u00bb][et_pb_column type=\u00bb1_2&#8243; _builder_version=\u00bb4.27.5&#8243; _module_preset=\u00bbdefault\u00bb global_colors_info=\u00bb{}\u00bb][et_pb_image src=\u00bbhttps:\/\/rightsindevelopment.org\/wp-content\/uploads\/Executive-summary-4.png\u00bb alt=\u00bbExecutive summary\u00bb title_text=\u00bbExecutive summary\u00bb admin_label=\u00bbresumen ejecutivo\u00bb _builder_version=\u00bb4.27.5&#8243; _module_preset=\u00bbdefault\u00bb global_colors_info=\u00bb{}\u00bb][\/et_pb_image][\/et_pb_column][et_pb_column type=\u00bb1_2&#8243; _builder_version=\u00bb4.27.5&#8243; _module_preset=\u00bbdefault\u00bb global_colors_info=\u00bb{}\u00bb][et_pb_image src=\u00bbhttps:\/\/rightsindevelopment.org\/wp-content\/uploads\/3-17.png\u00bb alt=\u00bb3&#8243; title_text=\u00bb3&#8243; admin_label=\u00bbque qui\u00e9n c\u00f3mo\u00bb _builder_version=\u00bb4.27.5&#8243; _module_preset=\u00bbdefault\u00bb global_colors_info=\u00bb{}\u00bb][\/et_pb_image][\/et_pb_column][\/et_pb_row][et_pb_row module_id=\u00bbTheoryOfChange\u00bb _builder_version=\u00bb4.27.5&#8243; _module_preset=\u00bbdefault\u00bb global_colors_info=\u00bb{}\u00bb disabled_on=\u00bbon|off|off\u00bb][et_pb_column type=\u00bb4_4&#8243; _builder_version=\u00bb4.27.5&#8243; _module_preset=\u00bbdefault\u00bb global_colors_info=\u00bb{}\u00bb][et_pb_text admin_label=\u00bbTheory of Change\u00bb _builder_version=\u00bb4.27.5&#8243; _module_preset=\u00bbdefault\u00bb global_colors_info=\u00bb{}\u00bb]<\/p>\n<h3>\u00a0<\/h3>\n<h3>Nuestra teor\u00eda del cambio<\/h3>\n<div id=\"attachment_39279\" style=\"width: 2010px\" class=\"wp-caption alignnone\"><img decoding=\"async\" aria-describedby=\"caption-attachment-39279\" class=\"wp-image-39279 size-full\" src=\"https:\/\/rightsindevelopment.org\/wp-content\/uploads\/ToC-SP.png\" alt=\"ToC SP\" width=\"2000\" height=\"1414\" srcset=\"https:\/\/rightsindevelopment.org\/wp-content\/uploads\/ToC-SP.png 2000w, https:\/\/rightsindevelopment.org\/wp-content\/uploads\/ToC-SP-1280x905.png 1280w, https:\/\/rightsindevelopment.org\/wp-content\/uploads\/ToC-SP-980x693.png 980w, https:\/\/rightsindevelopment.org\/wp-content\/uploads\/ToC-SP-480x339.png 480w\" sizes=\"(min-width: 0px) and (max-width: 480px) 480px, (min-width: 481px) and (max-width: 980px) 980px, (min-width: 981px) and (max-width: 1280px) 1280px, (min-width: 1281px) 2000px, 100vw\" \/><p id=\"caption-attachment-39279\" class=\"wp-caption-text\">ToC SP<\/p><\/div>\n<p>&nbsp;<\/p>\n<p>&nbsp;<\/p>\n<p>[\/et_pb_text][\/et_pb_column][\/et_pb_row][et_pb_row admin_label=\u00bbRow &#8211; Full manifesto PDF\u00bb module_id=\u00bbwhat-we-do\u00bb module_class=\u00bbcmn_img_width\u00bb _builder_version=\u00bb4.20.0&#8243; _module_preset=\u00bbdefault\u00bb custom_margin=\u00bb5vw||||false|false\u00bb global_colors_info=\u00bb{}\u00bb][et_pb_column type=\u00bb4_4&#8243; _builder_version=\u00bb4.19.5&#8243; _module_preset=\u00bbdefault\u00bb global_colors_info=\u00bb{}\u00bb][et_pb_text _builder_version=\u00bb4.27.5&#8243; _module_preset=\u00bbdefault\u00bb global_colors_info=\u00bb{}\u00bb]<\/p>\n<h3>Nuestro Manifesto de 2026 a 2030<\/h3>\n<p>&nbsp;<\/p>\n<p>[\/et_pb_text][et_pb_text _builder_version=\u00bb4.27.5&#8243; _module_preset=\u00bbdefault\u00bb global_colors_info=\u00bb{}\u00bb]<\/p>\n<p>&nbsp;<\/p>\n\n\t\t<div class=\"wppdfemb-frame-container-1\" style=\"-webkit-overflow-scrolling:auto;\">\n\t\t\t<iframe class=\"pdfembed-iframe nonfullscreen wppdf-emb-iframe-1\"\n\t\t\t\tsrc=\"https:\/\/rightsindevelopment.org\/es\/?pdfemb-data=eyJ0aXRsZSI6IkNvYWxpdGlvbiBTdHJhdGVneSBNYW5pZmVzdG8gLSBkcmFmdCBkZXNpZ24iLCJpbmRleCI6MSwicGRmSUQiOjM5Mjc1LCJwZGZlbWItc2VydmV1cmwiOiJodHRwcyUzQSUyRiUyRnJpZ2h0c2luZGV2ZWxvcG1lbnQub3JnJTJGd3AtY29udGVudCUyRnVwbG9hZHMlMkZzZWN1cmVwZGZzJTJGTWFuaWZlc3RvLTIwMjYtMjAzMC1TUC5wZGYiLCJ3bV90ZXh0IjoiIn0\"\n\t\t\t\ttitle=\"Coalition Strategy Manifesto - draft design\"\t\t\t\tdata-pdf-id=\"39275\"\n\t\t\t\tdata-pdf-index=\"1\"\n\t\t\t\tstyle=\"border:none;width:100%;max-width:900px;height:100vh;\"\n\t\t\t\tscrolling=\"yes\">\n\t\t\t<\/iframe>\n\t\t<\/div>\n\n\t\t\n<p>[\/et_pb_text][\/et_pb_column][\/et_pb_row][\/et_pb_section]<\/p>\n","protected":false},"excerpt":{"rendered":"<p>En nuestro Manifiesto definimos la direcci\u00f3n que queremos tomar para 2026-2030, aprovechando nuestras fortalezas para responder a las oportunidades y amenazas emergentes.<\/p>\n","protected":false},"author":34,"featured_media":39133,"parent":0,"menu_order":0,"comment_status":"closed","ping_status":"closed","template":"","meta":{"_acf_changed":false,"_et_pb_use_builder":"on","_et_pb_old_content":"<p>[et_pb_section fb_built=\"1\" fullwidth=\"on\" module_class=\"inner_banner\" _builder_version=\"4.19.4\" _module_preset=\"default\" background_enable_image=\"off\" locked=\"off\" global_colors_info=\"{}\"][et_pb_fullwidth_slider show_pagination=\"off\" admin_label=\"Banner \" _builder_version=\"4.27.5\" _module_preset=\"default\" content_max_width=\"1320px\" global_colors_info=\"{}\"][et_pb_slide heading=\"Our Manifesto 2026 to 2030\" _builder_version=\"4.27.5\" _module_preset=\"ab048f29-b158-4934-9067-0517ee0f6e9f\" header_font=\"Oswald|500|||||||\" background_color=\"#00647D\" background_enable_image=\"off\" global_colors_info=\"{}\" sticky_transition=\"on\"][\/et_pb_slide][\/et_pb_fullwidth_slider][\/et_pb_section][et_pb_section fb_built=\"1\" _builder_version=\"4.27.5\" _module_preset=\"default\" global_colors_info=\"{}\"][et_pb_row module_class=\"button_flex\" _builder_version=\"4.27.5\" _module_preset=\"default\" max_width=\"1000px\" global_colors_info=\"{}\"][et_pb_column type=\"4_4\" _builder_version=\"4.27.5\" _module_preset=\"default\" global_colors_info=\"{}\"][et_pb_button button_url=\"https:\/\/rightsindevelopment.org\/wp-content\/uploads\/securepdfs\/Manifesto-2026-2030-ENG-1.pdf\" button_text=\"Download our Manifesto 2026-2030\" admin_label=\"Manifesto button\" _builder_version=\"4.27.5\" _module_preset=\"default\" button_text_color=\"#FFCC00\" button_bg_color=\"#00647D\" global_colors_info=\"{}\"][\/et_pb_button][et_pb_button button_url=\"#ExSummary\" button_text=\"Executive Summary\" admin_label=\"Ex Summary\" _builder_version=\"4.27.5\" _module_preset=\"default\" button_text_color=\"#FFCC00\" button_bg_color=\"#00647D\" global_colors_info=\"{}\"][\/et_pb_button][et_pb_button button_url=\"#TheoryOfChange\" button_text=\"Theory of Change\" admin_label=\"ToC\" _builder_version=\"4.27.5\" _module_preset=\"default\" button_text_color=\"#FFCC00\" button_bg_color=\"#00647D\" global_colors_info=\"{}\"][\/et_pb_button][\/et_pb_column][\/et_pb_row][et_pb_row column_structure=\"2_5,3_5\" module_class=\"button_flex\" _builder_version=\"4.27.5\" _module_preset=\"default\" max_width=\"1000px\" custom_margin=\"|233px||auto||\" global_colors_info=\"{}\"][et_pb_column type=\"2_5\" _builder_version=\"4.27.5\" _module_preset=\"default\" global_colors_info=\"{}\"][et_pb_image src=\"https:\/\/rightsindevelopment.org\/wp-content\/uploads\/Manifesto-cover-ENG-1.png\" alt=\"Manifesto cover ENG (1)\" title_text=\"Manifesto cover ENG (1)\" _builder_version=\"4.27.5\" _module_preset=\"default\" global_colors_info=\"{}\"][\/et_pb_image][\/et_pb_column][et_pb_column type=\"3_5\" _builder_version=\"4.27.5\" _module_preset=\"default\" global_colors_info=\"{}\"][et_pb_text _builder_version=\"4.27.5\" _module_preset=\"default\" link_text_color=\"#00647D\" custom_margin=\"|22px||||\" custom_padding=\"|||0px||\" global_colors_info=\"{}\"]<\/p><p><span style=\"font-weight: 400;\">A decade ago, we started planting the first seeds for our work. Now those seeds have sprouted roots and blossomed into trees: today, the Coalition for Human Rights in Development is an interconnected network of over a hundred groups in more than 50 countries across Africa, the Americas and Eurasia.<\/span><\/p><p>In our <a href=\"https:\/\/rightsindevelopment.org\/wp-content\/uploads\/securepdfs\/Manifesto-2026-2030-ENG-1.pdf\">Manifesto<\/a><span style=\"font-weight: 400;\">\u00a0\u2013 developed through a 18-month collective process,\u00a0<\/span><span style=\"font-weight: 400;\">including the 2025 Members' Gathering \u2013 we set<\/span> the direction we want to take for 2026-2030, building on our strengths to respond to emerging opportunities and threats<span style=\"font-weight: 400;\">.<\/span><\/p><p><span style=\"font-weight: 400;\">Our mission is to ensure that<strong> development is community-led and that it respects, protects, and fulfills human rights<\/strong>. To advance this, we will <\/span><span style=\"font-weight: 400;\">focus<\/span><span style=\"font-weight: 400;\">\u00a0on <strong>four interconnected areas of work<\/strong>, that represent key opportunities to push for broader and system-level change, and key challenges we need to address if we want to strengthen and protect our ecosystem:<\/span><\/p><ul><li><span style=\"font-weight: 400;\">community-led development;<\/span><\/li><li><span style=\"font-weight: 400;\">just energy and economic transformation;<\/span><\/li><li><span style=\"font-weight: 400;\">reprisals and civic space; and<\/span><\/li><li><span style=\"font-weight: 400;\">conflict and militarization.<\/span><\/li><\/ul><p><span style=\"font-weight: 400;\">The <strong>key values<\/strong> enshrined in our <\/span><span style=\"font-weight: 400;\">Manifesto<\/span><span style=\"font-weight: 400;\"> are that we center love and care in how we work together, and that we are both member-led and community-led in our approach. <\/span><span style=\"font-weight: 400;\">With gratitude for what was done before us and humility for the work ahead, in our Manifesto we commit to a world where local communities \u2013 with Indigenous Peoples and women at the forefront \u2013 can shape their own futures.<\/span><\/p><p>[\/et_pb_text][\/et_pb_column][\/et_pb_row][\/et_pb_section][et_pb_section fb_built=\"1\" _builder_version=\"4.19.5\" _module_preset=\"default\" min_height=\"2623.8px\" custom_padding=\"0vw||9vw||false|false\" custom_padding_tablet=\"4em||10em||false|false\" custom_padding_phone=\"3em||6em||false|false\" locked=\"off\" global_colors_info=\"{}\"][et_pb_row module_id=\"ExSummary\" _builder_version=\"4.27.5\" _module_preset=\"default\" global_colors_info=\"{}\"][et_pb_column type=\"4_4\" _builder_version=\"4.27.5\" _module_preset=\"default\" global_colors_info=\"{}\"][et_pb_text admin_label=\"Ex Summary\" _builder_version=\"4.27.5\" _module_preset=\"default\" min_height=\"77.6px\" global_colors_info=\"{}\"]<\/p><h3>Executive Summary<\/h3><p>\u00a0<\/p><p>[\/et_pb_text][\/et_pb_column][\/et_pb_row][et_pb_row column_structure=\"1_2,1_2\" _builder_version=\"4.27.5\" _module_preset=\"default\" global_colors_info=\"{}\"][et_pb_column type=\"1_2\" _builder_version=\"4.27.5\" _module_preset=\"default\" global_colors_info=\"{}\"][et_pb_image src=\"https:\/\/rightsindevelopment.org\/wp-content\/uploads\/Executive-summary-3.png\" alt=\"Executive summary\" title_text=\"Executive summary\" _builder_version=\"4.27.5\" _module_preset=\"default\" global_colors_info=\"{}\"][\/et_pb_image][\/et_pb_column][et_pb_column type=\"1_2\" _builder_version=\"4.27.5\" _module_preset=\"default\" global_colors_info=\"{}\"][et_pb_image src=\"https:\/\/rightsindevelopment.org\/wp-content\/uploads\/3-16.png\" alt=\"3\" title_text=\"3\" _builder_version=\"4.27.5\" _module_preset=\"default\" global_colors_info=\"{}\"][\/et_pb_image][\/et_pb_column][\/et_pb_row][et_pb_row module_id=\"TheoryOfChange\" _builder_version=\"4.27.5\" _module_preset=\"default\" global_colors_info=\"{}\"][et_pb_column type=\"4_4\" _builder_version=\"4.27.5\" _module_preset=\"default\" global_colors_info=\"{}\"][et_pb_text admin_label=\"Theory of Change\" _builder_version=\"4.27.5\" _module_preset=\"default\" global_colors_info=\"{}\"]<\/p><h3>\u00a0<\/h3><h3>Our Theory of Change<\/h3><p>\u00a0<\/p><p><img class=\"wp-image-38715 size-full\" src=\"https:\/\/rightsindevelopment.org\/wp-content\/uploads\/Executive-summary-2.png\" alt=\"Our vision is local communities and rightsholders \u2013 especially Indigenous Peoples, women, workers, human rights defenders, people with disabilities, children, youth, elderly, and groups facing marginalisation \u2013 live peaceful, prosperous and dignified lives by safely determining and leading their development paths and priorities. All too often, we see that powerful economic actors \u2013 including public development banks, governments, transnational corporations, and multilateral institutions \u2013 enable and advance development projects in a top-down manner without the meaningful participation or consent of directly-affected communities. As a result, many of these projects harm communities, and violate their rights, including by: land grabbing, polluting ecosystems, extracting water and resources, disregarding culture, increasing divisions and conflict in the community, and using force to silence dissent.  In response, we are building collective power and working towards an exponential increase of local communities and human rights defenders who collaborate with allies to:  lead and shape development activities on their territories;  resist, hold accountable and seek remedy from any projects and powerful economic actors that cause them harm; and  push for transformational change to make community-led development a norm of global economic governance. Implementation: Connect: Gather and link local communities with information, skills, tools, resources and allies (including other communities facing the same or similar actors and impacts) for peer-to-peer learning, capacity-building, mutual solidarity, resilience and collective action (including joint research, complaints or advocacy letters).  Protect: Collaborate with grassroots human rights defenders facing threats or attacks in the context of public development bank financed projects; and accompany them to access safety and protection, and engage in advocacy and campaigning. Mobilize: Advocate and campaign for human rights-based and community-led development at national, regional and cross-regional levels by collectively: Identifying key shared grievances;  Co-creating and jointly implementing strategies to advance transparency, accountability and meaningful participation of directly affected communities;  Pushing for reform in laws, policies and practices; and  Demanding systemic transformation.  Visibilize: Co-create collaborative research, narratives and strategic communication products that: Amplify the voices, stories and analysis of local communities, with Indigenous Peoples and women at the forefront; Analyse trends, document and expose harmful activities by powerful economic actors and their social and environmental impacts; and Recommend solutions including by drawing on the human rights framework and showcasing examples of community-led development. \" width=\"2000\" height=\"1414\" \/><\/p><p>\u00a0<\/p><p>[\/et_pb_text][\/et_pb_column][\/et_pb_row][et_pb_row admin_label=\"Row - Full manifesto PDF\" module_id=\"what-we-do\" module_class=\"cmn_img_width\" _builder_version=\"4.20.0\" _module_preset=\"default\" custom_margin=\"5vw||||false|false\" global_colors_info=\"{}\"][et_pb_column type=\"4_4\" _builder_version=\"4.19.5\" _module_preset=\"default\" global_colors_info=\"{}\"][et_pb_text _builder_version=\"4.27.5\" _module_preset=\"default\" global_colors_info=\"{}\"]<\/p><h3>Our Manifesto from 2026 to 2030<\/h3><p>\u00a0<\/p><p>[\/et_pb_text][et_pb_text _builder_version=\"4.27.5\" _module_preset=\"default\" hover_enabled=\"0\" global_colors_info=\"{}\" sticky_enabled=\"0\"]<\/p><p>\u00a0<\/p><p>[pdf-embedder url=\"https:\/\/rightsindevelopment.org\/wp-content\/uploads\/securepdfs\/Manifesto-2026-2030-ENG-1.pdf\" title=\"Coalition Strategy Manifesto - draft design\"]<\/p><p>[\/et_pb_text][\/et_pb_column][\/et_pb_row][\/et_pb_section]<\/p>","_et_gb_content_width":"","om_disable_all_campaigns":false,"_monsterinsights_skip_tracking":false,"_monsterinsights_sitenote_active":false,"_monsterinsights_sitenote_note":"","_monsterinsights_sitenote_category":0,"footnotes":"","_links_to":"","_links_to_target":""},"class_list":["post-39091","page","type-page","status-publish","has-post-thumbnail","hentry"],"acf":[],"aioseo_notices":[],"jetpack_sharing_enabled":true,"_links":{"self":[{"href":"https:\/\/rightsindevelopment.org\/es\/wp-json\/wp\/v2\/pages\/39091","targetHints":{"allow":["GET"]}}],"collection":[{"href":"https:\/\/rightsindevelopment.org\/es\/wp-json\/wp\/v2\/pages"}],"about":[{"href":"https:\/\/rightsindevelopment.org\/es\/wp-json\/wp\/v2\/types\/page"}],"author":[{"embeddable":true,"href":"https:\/\/rightsindevelopment.org\/es\/wp-json\/wp\/v2\/users\/34"}],"replies":[{"embeddable":true,"href":"https:\/\/rightsindevelopment.org\/es\/wp-json\/wp\/v2\/comments?post=39091"}],"version-history":[{"count":18,"href":"https:\/\/rightsindevelopment.org\/es\/wp-json\/wp\/v2\/pages\/39091\/revisions"}],"predecessor-version":[{"id":39405,"href":"https:\/\/rightsindevelopment.org\/es\/wp-json\/wp\/v2\/pages\/39091\/revisions\/39405"}],"wp:featuredmedia":[{"embeddable":true,"href":"https:\/\/rightsindevelopment.org\/es\/wp-json\/wp\/v2\/media\/39133"}],"wp:attachment":[{"href":"https:\/\/rightsindevelopment.org\/es\/wp-json\/wp\/v2\/media?parent=39091"}],"curies":[{"name":"wp","href":"https:\/\/api.w.org\/{rel}","templated":true}]}}