{"id":26379,"date":"2023-08-17T08:58:02","date_gmt":"2023-08-17T12:58:02","guid":{"rendered":"https:\/\/rightsindevelopment.org\/?page_id=26379"},"modified":"2023-08-26T09:37:38","modified_gmt":"2023-08-26T13:37:38","slug":"la-politique-de-lautruche","status":"publish","type":"page","link":"https:\/\/rightsindevelopment.org\/fr\/la-politique-de-lautruche\/","title":{"rendered":"La politique de l&rsquo;autruche"},"content":{"rendered":"<p>[et_pb_section fb_built=\u00a0\u00bb1&Prime; fullwidth=\u00a0\u00bbon\u00a0\u00bb module_class=\u00a0\u00bbinner_banner\u00a0\u00bb _builder_version=\u00a0\u00bb4.19.4&Prime; _module_preset=\u00a0\u00bbdefault\u00a0\u00bb background_enable_image=\u00a0\u00bboff\u00a0\u00bb global_colors_info=\u00a0\u00bb{}\u00a0\u00bb][et_pb_fullwidth_slider show_pagination=\u00a0\u00bboff\u00a0\u00bb admin_label=\u00a0\u00bbBanner &#8211; Report title\u00a0\u00bb _builder_version=\u00a0\u00bb4.20.4&Prime; _module_preset=\u00a0\u00bbdefault\u00a0\u00bb background_color=\u00a0\u00bb#00647D\u00a0\u00bb content_max_width=\u00a0\u00bb1320px\u00a0\u00bb global_colors_info=\u00a0\u00bb{}\u00a0\u00bb][et_pb_slide heading=\u00a0\u00bbLA POLITIQUE DE L&rsquo;AUTRUCHE\u00a0\u00bb _builder_version=\u00a0\u00bb4.20.4&Prime; _module_preset=\u00a0\u00bbab048f29-b158-4934-9067-0517ee0f6e9f\u00a0\u00bb header_font=\u00a0\u00bbOswald|500|||||||\u00a0\u00bb background_color=\u00a0\u00bb#00647D\u00a0\u00bb background_enable_image=\u00a0\u00bboff\u00a0\u00bb global_colors_info=\u00a0\u00bb{}\u00a0\u00bb sticky_transition=\u00a0\u00bbon\u00a0\u00bb][\/et_pb_slide][\/et_pb_fullwidth_slider][\/et_pb_section][et_pb_section fb_built=\u00a0\u00bb1&Prime; _builder_version=\u00a0\u00bb4.20.0&Prime; _module_preset=\u00a0\u00bbdefault\u00a0\u00bb global_colors_info=\u00a0\u00bb{}\u00a0\u00bb][et_pb_row module_class=\u00a0\u00bbbutton_flex\u00a0\u00bb _builder_version=\u00a0\u00bb4.20.0&Prime; _module_preset=\u00a0\u00bbdefault\u00a0\u00bb max_width=\u00a0\u00bb1000px\u00a0\u00bb locked=\u00a0\u00bboff\u00a0\u00bb global_colors_info=\u00a0\u00bb{}\u00a0\u00bb][et_pb_column type=\u00a0\u00bb4_4&Prime; _builder_version=\u00a0\u00bb4.20.0&Prime; _module_preset=\u00a0\u00bbdefault\u00a0\u00bb global_colors_info=\u00a0\u00bb{}\u00a0\u00bb][et_pb_button button_url=\u00a0\u00bbhttps:\/\/149805364.v2.pressablecdn.com\/\/srv\/htdocs\/wp-content\/uploads\/2022\/06\/Wearing-Blinders-FRENCH-5.pdf\u00a0\u00bb url_new_window=\u00a0\u00bbon\u00a0\u00bb button_text=\u00a0\u00bbRapport complet\u00a0\u00bb button_alignment=\u00a0\u00bbcenter\u00a0\u00bb button_alignment_tablet=\u00a0\u00bbcenter\u00a0\u00bb button_alignment_last_edited=\u00a0\u00bboff|desktop\u00a0\u00bb admin_label=\u00a0\u00bbButton &#8211; Full report\u00a0\u00bb _builder_version=\u00a0\u00bb4.20.4&Prime; _module_preset=\u00a0\u00bbdefault\u00a0\u00bb custom_margin=\u00a0\u00bb||15px|||\u00a0\u00bb custom_padding=\u00a0\u00bb0.7em|1.5em|0.7em|1.6em|true|false\u00a0\u00bb custom_padding_tablet=\u00a0\u00bb|1.6em||1.6em|true|true\u00a0\u00bb custom_padding_phone=\u00a0\u00bb|1.6em||1.6em|true|true\u00a0\u00bb custom_padding_last_edited=\u00a0\u00bbon|tablet\u00a0\u00bb hover_enabled=\u00a0\u00bb0&Prime; locked=\u00a0\u00bboff\u00a0\u00bb global_colors_info=\u00a0\u00bb{}\u00a0\u00bb sticky_enabled=\u00a0\u00bb0&Prime;][\/et_pb_button][et_pb_button button_url=\u00a0\u00bbhttps:\/\/rightsindevelopment.org\/wp-content\/uploads\/securepdfs\/Wearing-Blinders-Press-Release.pdf\u00a0\u00bb url_new_window=\u00a0\u00bbon\u00a0\u00bb button_text=\u00a0\u00bbCommuniqu\u00e9 de presse\u00a0\u00bb button_alignment=\u00a0\u00bbcenter\u00a0\u00bb admin_label=\u00a0\u00bbButton &#8211; Press Release\u00a0\u00bb _builder_version=\u00a0\u00bb4.20.4&Prime; _module_preset=\u00a0\u00bbdefault\u00a0\u00bb custom_margin=\u00a0\u00bb||15px|||\u00a0\u00bb custom_padding=\u00a0\u00bb0.7em|1.5em|0.7em|1.6em|true|false\u00a0\u00bb custom_padding_tablet=\u00a0\u00bb|1.6em||1.6em|true|true\u00a0\u00bb custom_padding_phone=\u00a0\u00bb|1.6em||1.6em|true|true\u00a0\u00bb custom_padding_last_edited=\u00a0\u00bbon|tablet\u00a0\u00bb locked=\u00a0\u00bboff\u00a0\u00bb global_colors_info=\u00a0\u00bb{}\u00a0\u00bb][\/et_pb_button][et_pb_button button_url=\u00a0\u00bbhttps:\/\/rightsindevelopment.org\/wp-content\/uploads\/securepdfs\/Recommendations-Wearing-Blinders.pdf\u00a0\u00bb url_new_window=\u00a0\u00bbon\u00a0\u00bb button_text=\u00a0\u00bbRecommandations\u00a0\u00bb button_alignment=\u00a0\u00bbcenter\u00a0\u00bb button_alignment_tablet=\u00a0\u00bbcenter\u00a0\u00bb button_alignment_last_edited=\u00a0\u00bboff|desktop\u00a0\u00bb admin_label=\u00a0\u00bbButton &#8211; Recommendations\u00a0\u00bb _builder_version=\u00a0\u00bb4.20.4&Prime; _module_preset=\u00a0\u00bbdefault\u00a0\u00bb custom_margin=\u00a0\u00bb||15px|||\u00a0\u00bb custom_padding=\u00a0\u00bb0.7em|1.5em|0.7em|1.6em|true|false\u00a0\u00bb custom_padding_tablet=\u00a0\u00bb|1.6em||1.6em|true|true\u00a0\u00bb custom_padding_phone=\u00a0\u00bb|1.6em||1.6em|true|true\u00a0\u00bb custom_padding_last_edited=\u00a0\u00bbon|tablet\u00a0\u00bb locked=\u00a0\u00bboff\u00a0\u00bb global_colors_info=\u00a0\u00bb{}\u00a0\u00bb][\/et_pb_button][\/et_pb_column][\/et_pb_row][\/et_pb_section][et_pb_section fb_built=\u00a0\u00bb1&Prime; module_id=\u00a0\u00bbfull-report\u00a0\u00bb _builder_version=\u00a0\u00bb4.20.0&Prime; _module_preset=\u00a0\u00bbdefault\u00a0\u00bb background_color=\u00a0\u00bb#002F3B\u00a0\u00bb custom_padding=\u00a0\u00bb6vw||6vw||true|false\u00a0\u00bb global_colors_info=\u00a0\u00bb{}\u00a0\u00bb][et_pb_row column_structure=\u00a0\u00bb1_3,2_3&Prime; module_class=\u00a0\u00bbcolumn-reverse webinar_row center-align\u00a0\u00bb _builder_version=\u00a0\u00bb4.20.0&Prime; _module_preset=\u00a0\u00bbdefault\u00a0\u00bb global_colors_info=\u00a0\u00bb{}\u00a0\u00bb][et_pb_column type=\u00a0\u00bb1_3&Prime; _builder_version=\u00a0\u00bb4.19.5&Prime; _module_preset=\u00a0\u00bbdefault\u00a0\u00bb global_colors_info=\u00a0\u00bb{}\u00a0\u00bb][et_pb_image src=\u00a0\u00bbhttps:\/\/rightsindevelopment.org\/wp-content\/uploads\/Wearing-Blinders-FRENCH-1-354&#215;500-1.png\u00a0\u00bb alt=\u00a0\u00bbWearing Blinders FRENCH 1 354&#215;500&Prime; title_text=\u00a0\u00bbWearing Blinders FRENCH 1 354&#215;500&Prime; admin_label=\u00a0\u00bbImage &#8211; report cover\u00a0\u00bb _builder_version=\u00a0\u00bb4.20.4&Prime; _module_preset=\u00a0\u00bbdefault\u00a0\u00bb global_colors_info=\u00a0\u00bb{}\u00a0\u00bb][\/et_pb_image][\/et_pb_column][et_pb_column type=\u00a0\u00bb2_3&Prime; _builder_version=\u00a0\u00bb4.19.5&Prime; _module_preset=\u00a0\u00bbdefault\u00a0\u00bb global_colors_info=\u00a0\u00bb{}\u00a0\u00bb][et_pb_text content_tablet=\u00a0\u00bbWhere we started: the Community Engagement Partnership\u00a0\u00bb content_phone=\u00a0\u00bbWhere we started: the Community Engagement Partnership\u00a0\u00bb content_last_edited=\u00a0\u00bboff|phone\u00a0\u00bb admin_label=\u00a0\u00bbText &#8211; About the report\u00a0\u00bb module_class=\u00a0\u00bbfont_fix_resp checklist\u00a0\u00bb _builder_version=\u00a0\u00bb4.20.4&Prime; _module_preset=\u00a0\u00bbdefault\u00a0\u00bb text_text_color=\u00a0\u00bb#FFFFFF\u00a0\u00bb max_width_tablet=\u00a0\u00bb\u00a0\u00bb max_width_phone=\u00a0\u00bb\u00a0\u00bb max_width_last_edited=\u00a0\u00bbon|phone\u00a0\u00bb custom_margin_tablet=\u00a0\u00bb||30px||false|false\u00a0\u00bb custom_margin_phone=\u00a0\u00bb||20px||false|false\u00a0\u00bb custom_margin_last_edited=\u00a0\u00bboff|desktop\u00a0\u00bb global_colors_info=\u00a0\u00bb{}\u00a0\u00bb]<\/p>\n<p align=\"left\">Sur le papier, la plupart des institutions financi\u00e8res de d\u00e9veloppement (IFD) s&rsquo;engagent \u00e0 respecter les droits des communaut\u00e9s \u00e0 \u00eatre consult\u00e9es et \u00e0 participer aux processus d\u00e9cisionnels concernant les projets qui affectent leur vie. Pourtant, une participation significative n&rsquo;est pas possible lorsque ceux ou celles qui r\u00e9sistent, critiquent ou soul\u00e8vent des inqui\u00e9tudes au sujet des activit\u00e9s de d\u00e9veloppement sont soumis-es \u00e0 des repr\u00e9sailles et font face \u00e0 des attaques simplement pour s&rsquo;\u00eatre exprim\u00e9-e-s.<\/p>\n<p>Le rapport \u00ab\u00a0<strong>La politique de l&rsquo;autruche : Comment les banques de d\u00e9veloppement ignorent les risques de repr\u00e9sailles<\/strong>\u00ab\u00a0, publi\u00e9 par la Coalition pour les droits humains dans le d\u00e9veloppement en juin 2022, expose comment les banques de d\u00e9veloppement \u00e9chouent souvent \u00e0 identifier, \u00e9valuer et att\u00e9nuer les risques de repr\u00e9sailles. \u00c0 travers cinq \u00e9tudes de cas, analysant des projets en Arm\u00e9nie, au Guatemala, aux Philippines, au Turkm\u00e9nistan et en Ouganda, le rapport montre comment les banques ont tendance \u00e0 fuir leurs responsabilit\u00e9s et \u00e0 ignorer les risques de repr\u00e9sailles, et fournit une liste de recommandations pour pr\u00e9venir et traiter les repr\u00e9sailles.<\/p>\n<p>[\/et_pb_text][et_pb_button button_url=\u00a0\u00bbhttps:\/\/149805364.v2.pressablecdn.com\/\/srv\/htdocs\/wp-content\/uploads\/2022\/06\/Wearing-Blinders-FRENCH-5.pdf\u00a0\u00bb url_new_window=\u00a0\u00bbon\u00a0\u00bb button_text=\u00a0\u00bbT\u00e9l\u00e9charger le rapport\u00a0\u00bb admin_label=\u00a0\u00bbbutton &#8211; Download full report\u00a0\u00bb _builder_version=\u00a0\u00bb4.20.4&Prime; _module_preset=\u00a0\u00bbdefault\u00a0\u00bb hover_enabled=\u00a0\u00bb0&Prime; global_colors_info=\u00a0\u00bb{}\u00a0\u00bb sticky_enabled=\u00a0\u00bb0&Prime;][\/et_pb_button][\/et_pb_column][\/et_pb_row][\/et_pb_section][et_pb_section fb_built=\u00a0\u00bb1&Prime; module_id=\u00a0\u00bblatin-america\u00a0\u00bb _builder_version=\u00a0\u00bb4.20.0&Prime; _module_preset=\u00a0\u00bb7663459b-f873-4e20-87a6-01d55e8b8bd5&Prime; background_color=\u00a0\u00bb#FFFFFF\u00a0\u00bb custom_padding=\u00a0\u00bb6vw||8vw||false|false\u00a0\u00bb global_colors_info=\u00a0\u00bb{}\u00a0\u00bb][et_pb_row column_structure=\u00a0\u00bb1_2,1_2&Prime; module_class=\u00a0\u00bbcmn_img_width\u00a0\u00bb _builder_version=\u00a0\u00bb4.20.0&Prime; _module_preset=\u00a0\u00bb5aab9978-d427-48a6-adb6-081a8b1e8f01&Prime; custom_padding=\u00a0\u00bb||50px||false|false\u00a0\u00bb global_colors_info=\u00a0\u00bb{}\u00a0\u00bb][et_pb_column type=\u00a0\u00bb1_2&Prime; _builder_version=\u00a0\u00bb4.19.5&Prime; _module_preset=\u00a0\u00bbdefault\u00a0\u00bb global_colors_info=\u00a0\u00bb{}\u00a0\u00bb][et_pb_text admin_label=\u00a0\u00bbFindings&#8230;\u00a0\u00bb module_class=\u00a0\u00bbchecklist\u00a0\u00bb _builder_version=\u00a0\u00bb4.20.4&Prime; _module_preset=\u00a0\u00bbf7f6ed35-df7d-4509-9c18-968e5c82be47&Prime; text_letter_spacing=\u00a0\u00bb0.64px\u00a0\u00bb max_width=\u00a0\u00bb610px\u00a0\u00bb max_width_tablet=\u00a0\u00bb95%\u00a0\u00bb max_width_phone=\u00a0\u00bb95%\u00a0\u00bb max_width_last_edited=\u00a0\u00bbon|tablet\u00a0\u00bb custom_margin_tablet=\u00a0\u00bb||18px||false|false\u00a0\u00bb custom_margin_phone=\u00a0\u00bb||18px||false|false\u00a0\u00bb custom_margin_last_edited=\u00a0\u00bboff|desktop\u00a0\u00bb hover_enabled=\u00a0\u00bb0&Prime; global_colors_info=\u00a0\u00bb{}\u00a0\u00bb sticky_enabled=\u00a0\u00bb0&Prime;]<\/p>\n<h6><strong>Principales conclusions<\/strong><\/h6>\n<p>[\/et_pb_text][et_pb_text admin_label=\u00a0\u00bbText &#8211; Threats and attacks against human&#8230;\u00a0\u00bb module_class=\u00a0\u00bbchecklist\u00a0\u00bb _builder_version=\u00a0\u00bb4.20.4&Prime; _module_preset=\u00a0\u00bbf7f6ed35-df7d-4509-9c18-968e5c82be47&Prime; text_letter_spacing=\u00a0\u00bb0.64px\u00a0\u00bb max_width=\u00a0\u00bb610px\u00a0\u00bb max_width_tablet=\u00a0\u00bb95%\u00a0\u00bb max_width_phone=\u00a0\u00bb95%\u00a0\u00bb max_width_last_edited=\u00a0\u00bbon|tablet\u00a0\u00bb custom_margin_tablet=\u00a0\u00bb||18px||false|false\u00a0\u00bb custom_margin_phone=\u00a0\u00bb||18px||false|false\u00a0\u00bb custom_margin_last_edited=\u00a0\u00bboff|desktop\u00a0\u00bb global_colors_info=\u00a0\u00bb{}\u00a0\u00bb]<\/p>\n<ul>\n<li>Au cours de la phase d&rsquo;\u00e9valuation du projet, les banques de d\u00e9veloppement ont tendance \u00e0 ignorer les risques de repr\u00e9sailles et omettent souvent d&rsquo;exercer une diligence requise en mati\u00e8re de droits humains.<\/li>\n<li>Lorsque les banques de d\u00e9veloppement ne parviennent pas \u00e0 identifier et \u00e0 att\u00e9nuer les risques \u00e0 un stade pr\u00e9coce, les repr\u00e9sailles ont tendance \u00e0 s&rsquo;intensifier.<\/li>\n<li>Une participation significative et des consultations sensibles aux repr\u00e9sailles sont essentielles : si les projets sont impos\u00e9s sans impliquer les personnes concern\u00e9es et sans leur offrir la possibilit\u00e9 d&rsquo;exprimer leurs pr\u00e9occupations en toute s\u00e9curit\u00e9, le risque de tension sociale augmente.<\/li>\n<li>Dans certains cas, m\u00eame lorsque les banques de d\u00e9veloppement ont \u00e9t\u00e9 averties que des repr\u00e9sailles avaient lieu dans le cadre des projets qu&rsquo;elles finan\u00e7aient, elles ont refus\u00e9 de prendre des mesures ou &#8211; lorsqu&rsquo;elles ont finalement commenc\u00e9 \u00e0 s&rsquo;occuper des repr\u00e9sailles &#8211; il \u00e9tait d\u00e9j\u00e0 trop tard et elles n&rsquo;ont pas fourni de compensation pour le pr\u00e9judice caus\u00e9.<\/li>\n<li>Les repr\u00e9sailles contre les d\u00e9fenseurs-ses des droits humains peuvent \u00eatre \u00e9vit\u00e9es : les banques de d\u00e9veloppement devraient introduire l&rsquo;\u00e9valuation du risque de repr\u00e9sailles dans leurs processus de diligence raisonnable en mati\u00e8re de droits humains, s&rsquo;engager dans des consultations sensibles aux repr\u00e9sailles, s&rsquo;attaquer aux repr\u00e9sailles avant qu&rsquo;elles ne s&rsquo;aggravent et garantir l&rsquo;acc\u00e8s aux recours.<\/li>\n<\/ul>\n<p>[\/et_pb_text][\/et_pb_column][et_pb_column type=\u00a0\u00bb1_2&Prime; _builder_version=\u00a0\u00bb4.19.5&Prime; _module_preset=\u00a0\u00bbdefault\u00a0\u00bb custom_padding=\u00a0\u00bb|31px|||false|false\u00a0\u00bb custom_padding_tablet=\u00a0\u00bb|0px|||false|false\u00a0\u00bb custom_padding_phone=\u00a0\u00bb|0px|||false|false\u00a0\u00bb custom_padding_last_edited=\u00a0\u00bbon|tablet\u00a0\u00bb global_colors_info=\u00a0\u00bb{}\u00a0\u00bb][et_pb_image src=\u00a0\u00bbhttps:\/\/rightsindevelopment.org\/wp-content\/uploads\/Wearing-Blinders-FRENCH-2.png\u00a0\u00bb alt=\u00a0\u00bbWearing Blinders FRENCH 2&Prime; title_text=\u00a0\u00bbWearing Blinders FRENCH 2&Prime; admin_label=\u00a0\u00bbImage &#8211; Key recommendations\u00a0\u00bb _builder_version=\u00a0\u00bb4.20.4&Prime; _module_preset=\u00a0\u00bbdefault\u00a0\u00bb global_colors_info=\u00a0\u00bb{}\u00a0\u00bb][\/et_pb_image][\/et_pb_column][\/et_pb_row][et_pb_row column_structure=\u00a0\u00bb1_2,1_2&Prime; module_class=\u00a0\u00bbcmn_img_width\u00a0\u00bb _builder_version=\u00a0\u00bb4.20.0&Prime; _module_preset=\u00a0\u00bb5aab9978-d427-48a6-adb6-081a8b1e8f01&Prime; global_colors_info=\u00a0\u00bb{}\u00a0\u00bb][et_pb_column type=\u00a0\u00bb1_2&Prime; _builder_version=\u00a0\u00bb4.19.5&Prime; _module_preset=\u00a0\u00bbdefault\u00a0\u00bb global_colors_info=\u00a0\u00bb{}\u00a0\u00bb][et_pb_testimonial author=\u00a0\u00bbGerald Kankya\u00a0\u00bb job_title=\u00a0\u00bbClub d&rsquo;\u00e9coute de Twerwaneho\u00a0\u00bb _builder_version=\u00a0\u00bb4.20.4&Prime; _module_preset=\u00a0\u00bbdefault\u00a0\u00bb global_colors_info=\u00a0\u00bb{}\u00a0\u00bb]<\/p>\n<p>Avant de d\u00e9cider d&rsquo;investir ou non dans un projet, les Banques de D\u00e9veloppement devraient \u00e9valuer le contexte local et les relations entre leurs clients et les communaut\u00e9s locales. Lorsque les banques prennent des d\u00e9cisions sans tenir compte des pr\u00e9occupations des communaut\u00e9s, les conflits s&rsquo;aggravent et ceux qui \u00e9l\u00e8vent la voix finissent par \u00eatre attaqu\u00e9s. La diligence raisonnable est essentielle pour d\u00e9tecter les risques et pr\u00e9venir les violations des droits humains.<\/p>\n<p>[\/et_pb_testimonial][\/et_pb_column][et_pb_column type=\u00a0\u00bb1_2&Prime; _builder_version=\u00a0\u00bb4.19.5&Prime; _module_preset=\u00a0\u00bbdefault\u00a0\u00bb custom_padding=\u00a0\u00bb|31px|||false|false\u00a0\u00bb custom_padding_tablet=\u00a0\u00bb|0px|||false|false\u00a0\u00bb custom_padding_phone=\u00a0\u00bb|0px|||false|false\u00a0\u00bb custom_padding_last_edited=\u00a0\u00bbon|tablet\u00a0\u00bb global_colors_info=\u00a0\u00bb{}\u00a0\u00bb][et_pb_cta button_url=\u00a0\u00bbhttps:\/\/rightsindevelopment.org\/collective-work\/defenders-in-development-campaign\/\u00a0\u00bb url_new_window=\u00a0\u00bbon\u00a0\u00bb button_text=\u00a0\u00bbRejoignez la campagne %22Defenders in Development%22 !\u00a0\u00bb _builder_version=\u00a0\u00bb4.20.4&Prime; _module_preset=\u00a0\u00bbdefault\u00a0\u00bb global_colors_info=\u00a0\u00bb{}\u00a0\u00bb]<\/p>\n<p>Souhaitez-vous nous aider \u00e0 obliger les Banques de D\u00e9veloppement \u00e0 rendre les comptes et \u00e0 cesser leurs repr\u00e9sailles ?<\/p>\n<p>[\/et_pb_cta][\/et_pb_column][\/et_pb_row][\/et_pb_section][et_pb_section fb_built=\u00a0\u00bb1&Prime; admin_label=\u00a0\u00bbGlobal CTA (CAUTION this will update sitewide) &#8211; to edit, go to Divi, then Divi Library\u00a0\u00bb _builder_version=\u00a0\u00bb4.19.5&Prime; _module_preset=\u00a0\u00bbdefault\u00a0\u00bb background_image=\u00a0\u00bbhttps:\/\/rightsindevelopment.org\/wp-content\/uploads\/CTA-bg.jpg\u00a0\u00bb custom_padding=\u00a0\u00bb9vw||9vw||false|false\u00a0\u00bb saved_tabs=\u00a0\u00bball\u00a0\u00bb global_colors_info=\u00a0\u00bb{}\u00a0\u00bb][et_pb_row column_structure=\u00a0\u00bb1_2,1_2&Prime; module_class=\u00a0\u00bbbtn_inline_row\u00a0\u00bb _builder_version=\u00a0\u00bb4.19.5&Prime; _module_preset=\u00a0\u00bbdefault\u00a0\u00bb global_colors_info=\u00a0\u00bb{}\u00a0\u00bb][et_pb_column type=\u00a0\u00bb1_2&Prime; _builder_version=\u00a0\u00bb4.19.5&Prime; _module_preset=\u00a0\u00bbdefault\u00a0\u00bb global_colors_info=\u00a0\u00bb{}\u00a0\u00bb][et_pb_text admin_label=\u00a0\u00bbTitle &#8211; Stay in Touch\u00a0\u00bb _builder_version=\u00a0\u00bb4.20.4&Prime; _module_preset=\u00a0\u00bbdefault\u00a0\u00bb header_2_font_size=\u00a0\u00bb5.2vw\u00a0\u00bb background_layout=\u00a0\u00bbdark\u00a0\u00bb custom_margin=\u00a0\u00bb||1em||false|false\u00a0\u00bb header_2_font_size_tablet=\u00a0\u00bb36px\u00a0\u00bb header_2_font_size_phone=\u00a0\u00bb32px\u00a0\u00bb header_2_font_size_last_edited=\u00a0\u00bbon|phone\u00a0\u00bb global_colors_info=\u00a0\u00bb{}\u00a0\u00bb]<\/p>\n<h2>Restez en contact<\/h2>\n<p>[\/et_pb_text][et_pb_button button_url=\u00a0\u00bb\/get-involved\/#contact-us\u00a0\u00bb button_text=\u00a0\u00bbNous contacter\u00a0\u00bb admin_label=\u00a0\u00bbButton &#8211; Contact Us\u00a0\u00bb module_class=\u00a0\u00bbbtn_inline contact_btn\u00a0\u00bb _builder_version=\u00a0\u00bb4.20.4&Prime; _module_preset=\u00a0\u00bbdefault\u00a0\u00bb global_colors_info=\u00a0\u00bb{}\u00a0\u00bb][\/et_pb_button][et_pb_button button_url=\u00a0\u00bb\/get-involved\/#newsletter-sign-up\u00a0\u00bb button_text=\u00a0\u00bbS&rsquo;abonner aux mises \u00e0 jour\u00a0\u00bb admin_label=\u00a0\u00bbButton &#8211; Subscribe for Updates\u00a0\u00bb module_class=\u00a0\u00bbbtn_inline\u00a0\u00bb _builder_version=\u00a0\u00bb4.20.4&Prime; _module_preset=\u00a0\u00bbdefault\u00a0\u00bb custom_padding=\u00a0\u00bb11px|22px|11px|22px|true|true\u00a0\u00bb global_colors_info=\u00a0\u00bb{}\u00a0\u00bb][\/et_pb_button][\/et_pb_column][et_pb_column type=\u00a0\u00bb1_2&Prime; _builder_version=\u00a0\u00bb4.19.5&Prime; _module_preset=\u00a0\u00bbdefault\u00a0\u00bb global_colors_info=\u00a0\u00bb{}\u00a0\u00bb][et_pb_image src=\u00a0\u00bbhttps:\/\/rightsindevelopment.org\/wp-content\/uploads\/placeholder-for-twitter.jpg\u00a0\u00bb alt=\u00a0\u00bbplaceholder for twitter\u00a0\u00bb title_text=\u00a0\u00bbplaceholder for twitter\u00a0\u00bb disabled_on=\u00a0\u00bbon|on|on\u00a0\u00bb admin_label=\u00a0\u00bbPlaceholder for twitter feed\u00a0\u00bb _builder_version=\u00a0\u00bb4.20.4&Prime; _module_preset=\u00a0\u00bbdefault\u00a0\u00bb disabled=\u00a0\u00bbon\u00a0\u00bb global_colors_info=\u00a0\u00bb{}\u00a0\u00bb][\/et_pb_image][et_pb_text _builder_version=\u00a0\u00bb4.20.4&Prime; _module_preset=\u00a0\u00bbdefault\u00a0\u00bb global_colors_info=\u00a0\u00bb{}\u00a0\u00bb]<\/p>\n<p>[custom-twitter-feeds feed=1]<\/p>\n<p>[\/et_pb_text][\/et_pb_column][\/et_pb_row][\/et_pb_section]<\/p>\n","protected":false},"excerpt":{"rendered":"<p>\u00ab\u00a0Misplaced Trust\u00a0\u00bb shows how development banks are putting human rights defenders at serious risk by relying on their clients to address reprisals.<\/p>\n","protected":false},"author":24,"featured_media":0,"parent":0,"menu_order":0,"comment_status":"closed","ping_status":"closed","template":"","meta":{"_acf_changed":false,"_et_pb_use_builder":"on","_et_pb_old_content":"","_et_gb_content_width":"","om_disable_all_campaigns":false,"_monsterinsights_skip_tracking":false,"_monsterinsights_sitenote_active":false,"_monsterinsights_sitenote_note":"","_monsterinsights_sitenote_category":0,"footnotes":"","_links_to":"","_links_to_target":""},"class_list":["post-26379","page","type-page","status-publish","hentry"],"acf":[],"aioseo_notices":[],"jetpack_sharing_enabled":true,"_links":{"self":[{"href":"https:\/\/rightsindevelopment.org\/fr\/wp-json\/wp\/v2\/pages\/26379","targetHints":{"allow":["GET"]}}],"collection":[{"href":"https:\/\/rightsindevelopment.org\/fr\/wp-json\/wp\/v2\/pages"}],"about":[{"href":"https:\/\/rightsindevelopment.org\/fr\/wp-json\/wp\/v2\/types\/page"}],"author":[{"embeddable":true,"href":"https:\/\/rightsindevelopment.org\/fr\/wp-json\/wp\/v2\/users\/24"}],"replies":[{"embeddable":true,"href":"https:\/\/rightsindevelopment.org\/fr\/wp-json\/wp\/v2\/comments?post=26379"}],"version-history":[{"count":12,"href":"https:\/\/rightsindevelopment.org\/fr\/wp-json\/wp\/v2\/pages\/26379\/revisions"}],"predecessor-version":[{"id":27311,"href":"https:\/\/rightsindevelopment.org\/fr\/wp-json\/wp\/v2\/pages\/26379\/revisions\/27311"}],"wp:attachment":[{"href":"https:\/\/rightsindevelopment.org\/fr\/wp-json\/wp\/v2\/media?parent=26379"}],"curies":[{"name":"wp","href":"https:\/\/api.w.org\/{rel}","templated":true}]}}